{"id":7,"date":"2016-04-14T15:40:23","date_gmt":"2016-04-14T15:40:23","guid":{"rendered":"http:\/\/plusgrazi.wordpress.com\/?page_id=1"},"modified":"2016-04-14T15:40:23","modified_gmt":"2016-04-14T15:40:23","slug":"sobre","status":"publish","type":"page","link":"https:\/\/grazipaulucci.com\/index.php\/sobre\/","title":{"rendered":"Sobre"},"content":{"rendered":"<p>Este \u00e9 um exemplo de p\u00e1gina. Diferentemente dos posts, que s\u00e3o exibidos na p\u00e1gina inicial de seu blog na ordem em que s\u00e3o publicados, as p\u00e1ginas s\u00e3o mais apropriadas a conte\u00fados atemporais que devem estar facilmente dispon\u00edveis, como as p\u00e1ginas Sobre ou Contato. Clique no link Editar para fazer altera\u00e7\u00f5es nesta p\u00e1gina ou <a title=\"Link direto para Adicionar nova p\u00e1gina ao seu painel\" href=\"https:\/\/wordpress.com\/page\/110011297\/new\/\">adicione uma nova p\u00e1gina<\/a>.<\/p>\n","protected":false},"excerpt":{"rendered":"<p>Este \u00e9 um exemplo de p\u00e1gina. Diferentemente dos posts, que s\u00e3o exibidos na p\u00e1gina inicial de seu blog na ordem em que s\u00e3o publicados, as p\u00e1ginas s\u00e3o mais apropriadas a<\/p>\n","protected":false},"author":1,"featured_media":0,"parent":0,"menu_order":0,"comment_status":"open","ping_status":"open","template":"","meta":{"footnotes":""},"class_list":["post-7","page","type-page","status-publish","hentry"],"_links":{"self":[{"href":"https:\/\/grazipaulucci.com\/index.php\/wp-json\/wp\/v2\/pages\/7","targetHints":{"allow":["GET"]}}],"collection":[{"href":"https:\/\/grazipaulucci.com\/index.php\/wp-json\/wp\/v2\/pages"}],"about":[{"href":"https:\/\/grazipaulucci.com\/index.php\/wp-json\/wp\/v2\/types\/page"}],"author":[{"embeddable":true,"href":"https:\/\/grazipaulucci.com\/index.php\/wp-json\/wp\/v2\/users\/1"}],"replies":[{"embeddable":true,"href":"https:\/\/grazipaulucci.com\/index.php\/wp-json\/wp\/v2\/comments?post=7"}],"version-history":[{"count":0,"href":"https:\/\/grazipaulucci.com\/index.php\/wp-json\/wp\/v2\/pages\/7\/revisions"}],"wp:attachment":[{"href":"https:\/\/grazipaulucci.com\/index.php\/wp-json\/wp\/v2\/media?parent=7"}],"curies":[{"name":"wp","href":"https:\/\/api.w.org\/{rel}","templated":true}]}}